{"id":13560,"date":"2021-11-18T11:09:39","date_gmt":"2021-11-18T10:09:39","guid":{"rendered":"https:\/\/dagalifjellpark.no\/info\/personvern\/"},"modified":"2024-05-24T10:36:01","modified_gmt":"2024-05-24T08:36:01","slug":"personvern","status":"publish","type":"page","link":"https:\/\/dagalifjellpark.no\/no\/personvern\/","title":{"rendered":"Personvern"},"content":{"rendered":"\t\t<div data-elementor-type=\"wp-page\" data-elementor-id=\"13560\" class=\"elementor elementor-13560 elementor-13538\" data-elementor-post-type=\"page\">\n\t\t\t\t\t\t<section class=\"elementor-section elementor-top-section elementor-element elementor-element-25a26c72 elementor-section-height-min-height elementor-section-content-middle elementor-section-full_width elementor-hidden-mobile elementor-section-height-default elementor-section-items-middle\" data-id=\"25a26c72\" data-element_type=\"section\" data-settings=\"{&quot;background_background&quot;:&quot;video&quot;,&quot;background_video_start&quot;:2,&quot;background_video_end&quot;:10,&quot;background_play_on_mobile&quot;:&quot;yes&quot;,&quot;shape_divider_top&quot;:&quot;wave-brush&quot;,&quot;shape_divider_bottom&quot;:&quot;wave-brush&quot;}\">\n\t\t\t\t\t\t\t<div class=\"elementor-background-overlay\"><\/div>\n\t\t\t\t\t\t<div class=\"elementor-shape elementor-shape-top\" data-negative=\"false\">\n\t\t\t<svg xmlns=\"http:\/\/www.w3.org\/2000\/svg\" viewBox=\"0 0 283.5 27.8\" preserveAspectRatio=\"none\">\n\t<path class=\"elementor-shape-fill\" d=\"M283.5,9.7c0,0-7.3,4.3-14,4.6c-6.8,0.3-12.6,0-20.9-1.5c-11.3-2-33.1-10.1-44.7-5.7\ts-12.1,4.6-18,7.4c-6.6,3.2-20,9.6-36.6,9.3C131.6,23.5,99.5,7.2,86.3,8c-1.4,0.1-6.6,0.8-10.5,2c-3.8,1.2-9.4,3.8-17,4.7\tc-3.2,0.4-8.3,1.1-14.2,0.9c-1.5-0.1-6.3-0.4-12-1.6c-5.7-1.2-11-3.1-15.8-3.7C6.5,9.2,0,10.8,0,10.8V0h283.5V9.7z M260.8,11.3\tc-0.7-1-2-0.4-4.3-0.4c-2.3,0-6.1-1.2-5.8-1.1c0.3,0.1,3.1,1.5,6,1.9C259.7,12.2,261.4,12.3,260.8,11.3z M242.4,8.6\tc0,0-2.4-0.2-5.6-0.9c-3.2-0.8-10.3-2.8-15.1-3.5c-8.2-1.1-15.8,0-15.1,0.1c0.8,0.1,9.6-0.6,17.6,1.1c3.3,0.7,9.3,2.2,12.4,2.7\tC239.9,8.7,242.4,8.6,242.4,8.6z M185.2,8.5c1.7-0.7-13.3,4.7-18.5,6.1c-2.1,0.6-6.2,1.6-10,2c-3.9,0.4-8.9,0.4-8.8,0.5\tc0,0.2,5.8,0.8,11.2,0c5.4-0.8,5.2-1.1,7.6-1.6C170.5,14.7,183.5,9.2,185.2,8.5z M199.1,6.9c0.2,0-0.8-0.4-4.8,1.1\tc-4,1.5-6.7,3.5-6.9,3.7c-0.2,0.1,3.5-1.8,6.6-3C197,7.5,199,6.9,199.1,6.9z M283,6c-0.1,0.1-1.9,1.1-4.8,2.5s-6.9,2.8-6.7,2.7\tc0.2,0,3.5-0.6,7.4-2.5C282.8,6.8,283.1,5.9,283,6z M31.3,11.6c0.1-0.2-1.9-0.2-4.5-1.2s-5.4-1.6-7.8-2C15,7.6,7.3,8.5,7.7,8.6\tC8,8.7,15.9,8.3,20.2,9.3c2.2,0.5,2.4,0.5,5.7,1.6S31.2,11.9,31.3,11.6z M73,9.2c0.4-0.1,3.5-1.6,8.4-2.6c4.9-1.1,8.9-0.5,8.9-0.8\tc0-0.3-1-0.9-6.2-0.3S72.6,9.3,73,9.2z M71.6,6.7C71.8,6.8,75,5.4,77.3,5c2.3-0.3,1.9-0.5,1.9-0.6c0-0.1-1.1-0.2-2.7,0.2\tC74.8,5.1,71.4,6.6,71.6,6.7z M93.6,4.4c0.1,0.2,3.5,0.8,5.6,1.8c2.1,1,1.8,0.6,1.9,0.5c0.1-0.1-0.8-0.8-2.4-1.3\tC97.1,4.8,93.5,4.2,93.6,4.4z M65.4,11.1c-0.1,0.3,0.3,0.5,1.9-0.2s2.6-1.3,2.2-1.2s-0.9,0.4-2.5,0.8C65.3,10.9,65.5,10.8,65.4,11.1\tz M34.5,12.4c-0.2,0,2.1,0.8,3.3,0.9c1.2,0.1,2,0.1,2-0.2c0-0.3-0.1-0.5-1.6-0.4C36.6,12.8,34.7,12.4,34.5,12.4z M152.2,21.1\tc-0.1,0.1-2.4-0.3-7.5-0.3c-5,0-13.6-2.4-17.2-3.5c-3.6-1.1,10,3.9,16.5,4.1C150.5,21.6,152.3,21,152.2,21.1z\"\/>\n\t<path class=\"elementor-shape-fill\" d=\"M269.6,18c-0.1-0.1-4.6,0.3-7.2,0c-7.3-0.7-17-3.2-16.6-2.9c0.4,0.3,13.7,3.1,17,3.3\tC267.7,18.8,269.7,18,269.6,18z\"\/>\n\t<path class=\"elementor-shape-fill\" d=\"M227.4,9.8c-0.2-0.1-4.5-1-9.5-1.2c-5-0.2-12.7,0.6-12.3,0.5c0.3-0.1,5.9-1.8,13.3-1.2\tS227.6,9.9,227.4,9.8z\"\/>\n\t<path class=\"elementor-shape-fill\" d=\"M204.5,13.4c-0.1-0.1,2-1,3.2-1.1c1.2-0.1,2,0,2,0.3c0,0.3-0.1,0.5-1.6,0.4\tC206.4,12.9,204.6,13.5,204.5,13.4z\"\/>\n\t<path class=\"elementor-shape-fill\" d=\"M201,10.6c0-0.1-4.4,1.2-6.3,2.2c-1.9,0.9-6.2,3.1-6.1,3.1c0.1,0.1,4.2-1.6,6.3-2.6\tS201,10.7,201,10.6z\"\/>\n\t<path class=\"elementor-shape-fill\" d=\"M154.5,26.7c-0.1-0.1-4.6,0.3-7.2,0c-7.3-0.7-17-3.2-16.6-2.9c0.4,0.3,13.7,3.1,17,3.3\tC152.6,27.5,154.6,26.8,154.5,26.7z\"\/>\n\t<path class=\"elementor-shape-fill\" d=\"M41.9,19.3c0,0,1.2-0.3,2.9-0.1c1.7,0.2,5.8,0.9,8.2,0.7c4.2-0.4,7.4-2.7,7-2.6\tc-0.4,0-4.3,2.2-8.6,1.9c-1.8-0.1-5.1-0.5-6.7-0.4S41.9,19.3,41.9,19.3z\"\/>\n\t<path class=\"elementor-shape-fill\" d=\"M75.5,12.6c0.2,0.1,2-0.8,4.3-1.1c2.3-0.2,2.1-0.3,2.1-0.5c0-0.1-1.8-0.4-3.4,0\tC76.9,11.5,75.3,12.5,75.5,12.6z\"\/>\n\t<path class=\"elementor-shape-fill\" d=\"M15.6,13.2c0-0.1,4.3,0,6.7,0.5c2.4,0.5,5,1.9,5,2c0,0.1-2.7-0.8-5.1-1.4\tC19.9,13.7,15.7,13.3,15.6,13.2z\"\/>\n<\/svg>\t\t<\/div>\n\t\t\t\t<div class=\"elementor-shape elementor-shape-bottom\" data-negative=\"false\">\n\t\t\t<svg xmlns=\"http:\/\/www.w3.org\/2000\/svg\" viewBox=\"0 0 283.5 27.8\" preserveAspectRatio=\"none\">\n\t<path class=\"elementor-shape-fill\" d=\"M283.5,9.7c0,0-7.3,4.3-14,4.6c-6.8,0.3-12.6,0-20.9-1.5c-11.3-2-33.1-10.1-44.7-5.7\ts-12.1,4.6-18,7.4c-6.6,3.2-20,9.6-36.6,9.3C131.6,23.5,99.5,7.2,86.3,8c-1.4,0.1-6.6,0.8-10.5,2c-3.8,1.2-9.4,3.8-17,4.7\tc-3.2,0.4-8.3,1.1-14.2,0.9c-1.5-0.1-6.3-0.4-12-1.6c-5.7-1.2-11-3.1-15.8-3.7C6.5,9.2,0,10.8,0,10.8V0h283.5V9.7z M260.8,11.3\tc-0.7-1-2-0.4-4.3-0.4c-2.3,0-6.1-1.2-5.8-1.1c0.3,0.1,3.1,1.5,6,1.9C259.7,12.2,261.4,12.3,260.8,11.3z M242.4,8.6\tc0,0-2.4-0.2-5.6-0.9c-3.2-0.8-10.3-2.8-15.1-3.5c-8.2-1.1-15.8,0-15.1,0.1c0.8,0.1,9.6-0.6,17.6,1.1c3.3,0.7,9.3,2.2,12.4,2.7\tC239.9,8.7,242.4,8.6,242.4,8.6z M185.2,8.5c1.7-0.7-13.3,4.7-18.5,6.1c-2.1,0.6-6.2,1.6-10,2c-3.9,0.4-8.9,0.4-8.8,0.5\tc0,0.2,5.8,0.8,11.2,0c5.4-0.8,5.2-1.1,7.6-1.6C170.5,14.7,183.5,9.2,185.2,8.5z M199.1,6.9c0.2,0-0.8-0.4-4.8,1.1\tc-4,1.5-6.7,3.5-6.9,3.7c-0.2,0.1,3.5-1.8,6.6-3C197,7.5,199,6.9,199.1,6.9z M283,6c-0.1,0.1-1.9,1.1-4.8,2.5s-6.9,2.8-6.7,2.7\tc0.2,0,3.5-0.6,7.4-2.5C282.8,6.8,283.1,5.9,283,6z M31.3,11.6c0.1-0.2-1.9-0.2-4.5-1.2s-5.4-1.6-7.8-2C15,7.6,7.3,8.5,7.7,8.6\tC8,8.7,15.9,8.3,20.2,9.3c2.2,0.5,2.4,0.5,5.7,1.6S31.2,11.9,31.3,11.6z M73,9.2c0.4-0.1,3.5-1.6,8.4-2.6c4.9-1.1,8.9-0.5,8.9-0.8\tc0-0.3-1-0.9-6.2-0.3S72.6,9.3,73,9.2z M71.6,6.7C71.8,6.8,75,5.4,77.3,5c2.3-0.3,1.9-0.5,1.9-0.6c0-0.1-1.1-0.2-2.7,0.2\tC74.8,5.1,71.4,6.6,71.6,6.7z M93.6,4.4c0.1,0.2,3.5,0.8,5.6,1.8c2.1,1,1.8,0.6,1.9,0.5c0.1-0.1-0.8-0.8-2.4-1.3\tC97.1,4.8,93.5,4.2,93.6,4.4z M65.4,11.1c-0.1,0.3,0.3,0.5,1.9-0.2s2.6-1.3,2.2-1.2s-0.9,0.4-2.5,0.8C65.3,10.9,65.5,10.8,65.4,11.1\tz M34.5,12.4c-0.2,0,2.1,0.8,3.3,0.9c1.2,0.1,2,0.1,2-0.2c0-0.3-0.1-0.5-1.6-0.4C36.6,12.8,34.7,12.4,34.5,12.4z M152.2,21.1\tc-0.1,0.1-2.4-0.3-7.5-0.3c-5,0-13.6-2.4-17.2-3.5c-3.6-1.1,10,3.9,16.5,4.1C150.5,21.6,152.3,21,152.2,21.1z\"\/>\n\t<path class=\"elementor-shape-fill\" d=\"M269.6,18c-0.1-0.1-4.6,0.3-7.2,0c-7.3-0.7-17-3.2-16.6-2.9c0.4,0.3,13.7,3.1,17,3.3\tC267.7,18.8,269.7,18,269.6,18z\"\/>\n\t<path class=\"elementor-shape-fill\" d=\"M227.4,9.8c-0.2-0.1-4.5-1-9.5-1.2c-5-0.2-12.7,0.6-12.3,0.5c0.3-0.1,5.9-1.8,13.3-1.2\tS227.6,9.9,227.4,9.8z\"\/>\n\t<path class=\"elementor-shape-fill\" d=\"M204.5,13.4c-0.1-0.1,2-1,3.2-1.1c1.2-0.1,2,0,2,0.3c0,0.3-0.1,0.5-1.6,0.4\tC206.4,12.9,204.6,13.5,204.5,13.4z\"\/>\n\t<path class=\"elementor-shape-fill\" d=\"M201,10.6c0-0.1-4.4,1.2-6.3,2.2c-1.9,0.9-6.2,3.1-6.1,3.1c0.1,0.1,4.2-1.6,6.3-2.6\tS201,10.7,201,10.6z\"\/>\n\t<path class=\"elementor-shape-fill\" d=\"M154.5,26.7c-0.1-0.1-4.6,0.3-7.2,0c-7.3-0.7-17-3.2-16.6-2.9c0.4,0.3,13.7,3.1,17,3.3\tC152.6,27.5,154.6,26.8,154.5,26.7z\"\/>\n\t<path class=\"elementor-shape-fill\" d=\"M41.9,19.3c0,0,1.2-0.3,2.9-0.1c1.7,0.2,5.8,0.9,8.2,0.7c4.2-0.4,7.4-2.7,7-2.6\tc-0.4,0-4.3,2.2-8.6,1.9c-1.8-0.1-5.1-0.5-6.7-0.4S41.9,19.3,41.9,19.3z\"\/>\n\t<path class=\"elementor-shape-fill\" d=\"M75.5,12.6c0.2,0.1,2-0.8,4.3-1.1c2.3-0.2,2.1-0.3,2.1-0.5c0-0.1-1.8-0.4-3.4,0\tC76.9,11.5,75.3,12.5,75.5,12.6z\"\/>\n\t<path class=\"elementor-shape-fill\" d=\"M15.6,13.2c0-0.1,4.3,0,6.7,0.5c2.4,0.5,5,1.9,5,2c0,0.1-2.7-0.8-5.1-1.4\tC19.9,13.7,15.7,13.3,15.6,13.2z\"\/>\n<\/svg>\t\t<\/div>\n\t\t\t\t\t<div class=\"elementor-container elementor-column-gap-custom\">\n\t\t\t\t\t<div class=\"elementor-column elementor-col-100 elementor-top-column elementor-element elementor-element-da3f2f2\" data-id=\"da3f2f2\" data-element_type=\"column\">\n\t\t\t<div class=\"elementor-widget-wrap elementor-element-populated\">\n\t\t\t\t\t\t<div class=\"elementor-element elementor-element-db09e1f elementor-widget elementor-widget-text-editor\" data-id=\"db09e1f\" data-element_type=\"widget\" data-widget_type=\"text-editor.default\">\n\t\t\t\t<div class=\"elementor-widget-container\">\n\t\t\t\t\t\t\t<p style=\"text-align: center;\"><strong>\u00a0<\/strong><\/p>\n\t\t\t\t\t\t<\/div>\n\t\t\t\t<\/div>\n\t\t\t\t\t<\/div>\n\t\t<\/div>\n\t\t\t\t\t<\/div>\n\t\t<\/section>\n\t\t\t\t<section class=\"elementor-section elementor-top-section elementor-element elementor-element-899189c elementor-section-boxed elementor-section-height-default elementor-section-height-default\" data-id=\"899189c\" data-element_type=\"section\" data-settings=\"{&quot;shape_divider_top&quot;:&quot;wave-brush&quot;}\">\n\t\t\t\t\t<div class=\"elementor-shape elementor-shape-top\" data-negative=\"false\">\n\t\t\t<svg xmlns=\"http:\/\/www.w3.org\/2000\/svg\" viewBox=\"0 0 283.5 27.8\" preserveAspectRatio=\"none\">\n\t<path class=\"elementor-shape-fill\" d=\"M283.5,9.7c0,0-7.3,4.3-14,4.6c-6.8,0.3-12.6,0-20.9-1.5c-11.3-2-33.1-10.1-44.7-5.7\ts-12.1,4.6-18,7.4c-6.6,3.2-20,9.6-36.6,9.3C131.6,23.5,99.5,7.2,86.3,8c-1.4,0.1-6.6,0.8-10.5,2c-3.8,1.2-9.4,3.8-17,4.7\tc-3.2,0.4-8.3,1.1-14.2,0.9c-1.5-0.1-6.3-0.4-12-1.6c-5.7-1.2-11-3.1-15.8-3.7C6.5,9.2,0,10.8,0,10.8V0h283.5V9.7z M260.8,11.3\tc-0.7-1-2-0.4-4.3-0.4c-2.3,0-6.1-1.2-5.8-1.1c0.3,0.1,3.1,1.5,6,1.9C259.7,12.2,261.4,12.3,260.8,11.3z M242.4,8.6\tc0,0-2.4-0.2-5.6-0.9c-3.2-0.8-10.3-2.8-15.1-3.5c-8.2-1.1-15.8,0-15.1,0.1c0.8,0.1,9.6-0.6,17.6,1.1c3.3,0.7,9.3,2.2,12.4,2.7\tC239.9,8.7,242.4,8.6,242.4,8.6z M185.2,8.5c1.7-0.7-13.3,4.7-18.5,6.1c-2.1,0.6-6.2,1.6-10,2c-3.9,0.4-8.9,0.4-8.8,0.5\tc0,0.2,5.8,0.8,11.2,0c5.4-0.8,5.2-1.1,7.6-1.6C170.5,14.7,183.5,9.2,185.2,8.5z M199.1,6.9c0.2,0-0.8-0.4-4.8,1.1\tc-4,1.5-6.7,3.5-6.9,3.7c-0.2,0.1,3.5-1.8,6.6-3C197,7.5,199,6.9,199.1,6.9z M283,6c-0.1,0.1-1.9,1.1-4.8,2.5s-6.9,2.8-6.7,2.7\tc0.2,0,3.5-0.6,7.4-2.5C282.8,6.8,283.1,5.9,283,6z M31.3,11.6c0.1-0.2-1.9-0.2-4.5-1.2s-5.4-1.6-7.8-2C15,7.6,7.3,8.5,7.7,8.6\tC8,8.7,15.9,8.3,20.2,9.3c2.2,0.5,2.4,0.5,5.7,1.6S31.2,11.9,31.3,11.6z M73,9.2c0.4-0.1,3.5-1.6,8.4-2.6c4.9-1.1,8.9-0.5,8.9-0.8\tc0-0.3-1-0.9-6.2-0.3S72.6,9.3,73,9.2z M71.6,6.7C71.8,6.8,75,5.4,77.3,5c2.3-0.3,1.9-0.5,1.9-0.6c0-0.1-1.1-0.2-2.7,0.2\tC74.8,5.1,71.4,6.6,71.6,6.7z M93.6,4.4c0.1,0.2,3.5,0.8,5.6,1.8c2.1,1,1.8,0.6,1.9,0.5c0.1-0.1-0.8-0.8-2.4-1.3\tC97.1,4.8,93.5,4.2,93.6,4.4z M65.4,11.1c-0.1,0.3,0.3,0.5,1.9-0.2s2.6-1.3,2.2-1.2s-0.9,0.4-2.5,0.8C65.3,10.9,65.5,10.8,65.4,11.1\tz M34.5,12.4c-0.2,0,2.1,0.8,3.3,0.9c1.2,0.1,2,0.1,2-0.2c0-0.3-0.1-0.5-1.6-0.4C36.6,12.8,34.7,12.4,34.5,12.4z M152.2,21.1\tc-0.1,0.1-2.4-0.3-7.5-0.3c-5,0-13.6-2.4-17.2-3.5c-3.6-1.1,10,3.9,16.5,4.1C150.5,21.6,152.3,21,152.2,21.1z\"\/>\n\t<path class=\"elementor-shape-fill\" d=\"M269.6,18c-0.1-0.1-4.6,0.3-7.2,0c-7.3-0.7-17-3.2-16.6-2.9c0.4,0.3,13.7,3.1,17,3.3\tC267.7,18.8,269.7,18,269.6,18z\"\/>\n\t<path class=\"elementor-shape-fill\" d=\"M227.4,9.8c-0.2-0.1-4.5-1-9.5-1.2c-5-0.2-12.7,0.6-12.3,0.5c0.3-0.1,5.9-1.8,13.3-1.2\tS227.6,9.9,227.4,9.8z\"\/>\n\t<path class=\"elementor-shape-fill\" d=\"M204.5,13.4c-0.1-0.1,2-1,3.2-1.1c1.2-0.1,2,0,2,0.3c0,0.3-0.1,0.5-1.6,0.4\tC206.4,12.9,204.6,13.5,204.5,13.4z\"\/>\n\t<path class=\"elementor-shape-fill\" d=\"M201,10.6c0-0.1-4.4,1.2-6.3,2.2c-1.9,0.9-6.2,3.1-6.1,3.1c0.1,0.1,4.2-1.6,6.3-2.6\tS201,10.7,201,10.6z\"\/>\n\t<path class=\"elementor-shape-fill\" d=\"M154.5,26.7c-0.1-0.1-4.6,0.3-7.2,0c-7.3-0.7-17-3.2-16.6-2.9c0.4,0.3,13.7,3.1,17,3.3\tC152.6,27.5,154.6,26.8,154.5,26.7z\"\/>\n\t<path class=\"elementor-shape-fill\" d=\"M41.9,19.3c0,0,1.2-0.3,2.9-0.1c1.7,0.2,5.8,0.9,8.2,0.7c4.2-0.4,7.4-2.7,7-2.6\tc-0.4,0-4.3,2.2-8.6,1.9c-1.8-0.1-5.1-0.5-6.7-0.4S41.9,19.3,41.9,19.3z\"\/>\n\t<path class=\"elementor-shape-fill\" d=\"M75.5,12.6c0.2,0.1,2-0.8,4.3-1.1c2.3-0.2,2.1-0.3,2.1-0.5c0-0.1-1.8-0.4-3.4,0\tC76.9,11.5,75.3,12.5,75.5,12.6z\"\/>\n\t<path class=\"elementor-shape-fill\" d=\"M15.6,13.2c0-0.1,4.3,0,6.7,0.5c2.4,0.5,5,1.9,5,2c0,0.1-2.7-0.8-5.1-1.4\tC19.9,13.7,15.7,13.3,15.6,13.2z\"\/>\n<\/svg>\t\t<\/div>\n\t\t\t\t\t<div class=\"elementor-container elementor-column-gap-default\">\n\t\t\t\t\t<div class=\"elementor-column elementor-col-100 elementor-top-column elementor-element elementor-element-43094c9\" data-id=\"43094c9\" data-element_type=\"column\">\n\t\t\t<div class=\"elementor-widget-wrap elementor-element-populated\">\n\t\t\t\t\t\t<div class=\"elementor-element elementor-element-ef75d20 elementor-widget elementor-widget-heading\" data-id=\"ef75d20\" data-element_type=\"widget\" data-widget_type=\"heading.default\">\n\t\t\t\t<div class=\"elementor-widget-container\">\n\t\t\t<h1 class=\"elementor-heading-title elementor-size-default\">Personvern<\/h1>\t\t<\/div>\n\t\t\t\t<\/div>\n\t\t\t\t\t<\/div>\n\t\t<\/div>\n\t\t\t\t\t<\/div>\n\t\t<\/section>\n\t\t\t\t<section class=\"elementor-section elementor-top-section elementor-element elementor-element-575b72b elementor-section-boxed elementor-section-height-default elementor-section-height-default\" data-id=\"575b72b\" data-element_type=\"section\">\n\t\t\t\t\t\t<div class=\"elementor-container elementor-column-gap-default\">\n\t\t\t\t\t<div class=\"elementor-column elementor-col-100 elementor-top-column elementor-element elementor-element-24d0e97\" data-id=\"24d0e97\" data-element_type=\"column\">\n\t\t\t<div class=\"elementor-widget-wrap elementor-element-populated\">\n\t\t\t\t\t\t<div class=\"elementor-element elementor-element-2e4ddcd elementor-widget elementor-widget-text-editor\" data-id=\"2e4ddcd\" data-element_type=\"widget\" data-widget_type=\"text-editor.default\">\n\t\t\t\t<div class=\"elementor-widget-container\">\n\t\t\t\t\t\t\t<p style=\"text-align: center;\"><strong>Retningslinjer for personvern og informasjonskapsler<\/strong><\/p>\n<p>FULL ON AS (Dagali Fjellpark) ivaretar personvernet til kundene og brukerne av selskapets nettsted. I dette dokumentet kan du lese om hva slags informasjon vi samler inn, og hvordan vi behandler personopplysningene.<\/p>\n<p><span style=\"color: #1b75bc;\"><strong>Hvem er administrator av dine persondata?<\/strong><\/span><\/p>\n<p>Administrator av dine persondata er FULL ON AS (Dagali Fjellpark), Perstulvegen 100, 3588 Dagali, Norge, org. nr. 813 655 462.<\/p>\n<p><span style=\"color: #1b75bc;\"><strong>Hvilke typer informasjon lagres?<\/strong><\/span><\/p>\n<p>Du gir oss dine personopplysninger n\u00e5r du kj\u00f8per en aktivitet hos oss. Vi lagrer og behandler f\u00f8lgende informasjon om deg:<\/p>\n<ul>\n<li>fullt navn<\/li>\n<li>adresse (der det er aktuelt)<\/li>\n<li>e-postadresse<\/li>\n<li>telefonnummer<\/li>\n<li>bankkonto (der det er aktuelt)<\/li>\n<li>type henvendelse.<\/li>\n<\/ul>\n<p><span style=\"color: #1b75bc;\"><strong>Hvordan behandler vi opplysningene dine?<\/strong><\/span><\/p>\n<p>Opplysningene dine lagres for \u00e5 kunne gi deg, som kunde, best mulig service og oppf\u00f8lging. Du oppgir:<\/p>\n<ul>\n<li>fullt navn\n<ul>\n<li>du oppgir navnet ditt ved bestilling for at det blir mulig for kundesenteret, salgs- og regnskapsavdelingen \u00e5 finne bestillingen din,<\/li>\n<\/ul>\n<\/li>\n<li>e-postadresse\n<ul>\n<li>bestillingsbekreftelse og relevant informasjon sendes til deg p\u00e5 e-post,<\/li>\n<li>i forbindelse med kj\u00f8pet ditt p\u00e5 dagalifjellpark.no kan vi sende deg nyhetsbrev, som vi tror kan v\u00e6re av interesse for deg, p\u00e5 e-post,<\/li>\n<\/ul>\n<\/li>\n<li>telefonnummeret\n<ul>\n<li>det er veldig nyttig dersom vi trenger \u00e5 komme i kontakt med deg i forbindelse med aktiviteten du har kj\u00f8pt.<\/li>\n<\/ul>\n<\/li>\n<\/ul>\n<p>N\u00e5r du betaler for den utvalgte turen eller aktiviteten on-line med kort, blir du videresendt til v\u00e5r digitale betalingsl\u00f8sning fra <a href=\"https:\/\/www.nets.eu\/no-nb\/Pages\/default.aspx\" target=\"_blank\" rel=\"noopener\">Nets group A\/S<\/a>. Vi har ikke tilgang til den fullstendige informasjonen om kortet ditt. Vi lagrer bare s\u00e5nne kortinformasjoner, som v\u00e5re ansatte trenger til \u00e5 refundere deg dersom turen eller aktiviteten skulle bli kansellert, og salgsbetingelser tilsier det.<\/p>\n<p><span style=\"color: #1b75bc;\"><strong>Hvor lenge kommer dine persondata til \u00e5 v\u00e6re lagret hos oss?<\/strong><\/span><\/p>\n<p>Vi lagrer dine persondata bare s\u00e5 lenge det er n\u00f8dvendig for \u00e5 oppfylle form\u00e5lene som er beskrevet i dette dokumentet. Vanligvis lagrer vi personopplysningene dine i en periode p\u00e5 2 \u00e5r etter den siste arrangerte aktiviteten din med oss. Der det kreves i henhold til lov (f.eks. regnskapsloven) eller i forbindelse med klager (opplysningene lagres i 2 \u00e5r etter at klagen er ferdigbehandlet), lagre vi opplysninger ut over 2 \u00e5r.<\/p>\n<p><span style=\"color: #1b75bc;\"><strong>Hvem er det som behandler personopplysningene dine?<\/strong><\/span><\/p>\n<p>Dine persondata behandles av ansatte og samarbeidspartnere p\u00e5 Dagali Fjellpark, samt systemet v\u00e5rt og de administrative partnerne v\u00e5re.<\/p>\n<p><strong><span style=\"color: #1b75bc;\">Hvem er ansvarlig for personopplysningene dine?<\/span><\/strong><\/p>\n<p>FULL ON AS (Dagali Fjellpark) er behandlingsansvarlig for personopplysningene dine, og for at dine persondata beskyttes i samsvar med gjeldende regler for personvern.<\/p>\n<p><span style=\"color: #1b75bc;\"><strong>Hva godtar du n\u00e5r du gir oss samtykke med bearbeiding av persondata?<\/strong><\/span><\/p>\n<p>N\u00e5r du samtykker til at FULL ON AS (Dagali Fjellpark) f\u00e5r behandle personopplysningene dine i forbindelse med form\u00e5lene som er oppgitt ovenfor, gir du oss f\u00f8lgende samtykke til databehandling, e-postkorrespondanse og direkte markedsf\u00f8ring:<\/p>\n<ul>\n<li>personopplysningene dine blir behandlet i samsvar med denne personvernerkl\u00e6ringen,<\/li>\n<li>ansatte p\u00e5 FULL ON AS (Dagali Fjellpark) kan ta kontakt med deg p\u00e5 e-post eller telefon for \u00e5 gi deg relevant informasjon for \u00e5 gjennomf\u00f8re aktiviteten,<\/li>\n<li>vi kan sende deg markedsf\u00f8ringshenvendelser og nyhetsbrev p\u00e5 e-post f\u00f8r og etter turen med oss. Du kan n\u00e5r som helst be om \u00e5 ikke lenger motta slike e-poster fra oss ved \u00e5 trykke p\u00e5 linken om dette, eller ved \u00e5 kontakte oss direkte.<\/li>\n<\/ul>\n<p><span style=\"color: #1b75bc;\"><strong> Hvilke rettigheter har du?<\/strong><\/span><\/p>\n<p>Du har rett til \u00e5 trekke tilbake samtykket ditt til behandling av personopplysningene du har gitt oss. Du kan ogs\u00e5 alltid be om at personopplysningene dine korrigeres, utfylles eller slettes. Henvendelser om dette m\u00e5 skje skriftlig p\u00e5 adresse FULL ON AS, Postboks 17, Geilo 3581, Norge eller per e-post p\u00e5 adresse booking@dagalifjellpark.no. Personopplysningene dine vil da korrigeres eller slettes snarest, senest innen 30 dager.<\/p>\n<p><span style=\"color: #1b75bc;\"><strong>Hvem kan du klage til?<\/strong><\/span><\/p>\n<p>Hvis du mener:<\/p>\n<ul>\n<li>at vi ikke har behandlet personopplysningene dine p\u00e5 en m\u00e5te som er i takt med det vi har oppgitt i dette dokumentet,<\/li>\n<li>eller at vi p\u00e5 annen m\u00e5te opptrer i strid med gjeldende lover om personvern,<\/li>\n<\/ul>\n<p>kan du rette inn en klage til Datatilsynet: <a href=\"mailto:post@datatilsynet.no\">post@datatilsynet.no<\/a>.<\/p>\n<p><span style=\"color: #1b75bc;\"><strong>Hvilke analyseverkt\u00f8y benytter vi p\u00e5 v\u00e5r hjemmeside www.dagalifjellpark.no?<\/strong><\/span><\/p>\n<p><strong><u>Informasjonskapsler (cookies): <\/u><\/strong><\/p>\n<p>Ved \u00e5 bruke nettstedet <a href=\"http:\/\/www.dagalifjellpark.no\">v\u00e5rt<\/a> godtar du v\u00e5r bruk av informasjonskapsler (cookies). En informasjonskapsel er en liten tekstfil som lagres i nettleserens minne. Disse brukes for eksempel til \u00e5 ivareta brukervalg du gj\u00f8r p\u00e5 siden, lagre handlekurven din, lagre informasjon om innstillingene du vil bruke n\u00e5r du surfer p\u00e5 nettstedet v\u00e5rt osv. Vi bruker informasjonskapsler for \u00e5 sikre at du f\u00e5r den beste opplevelsen p\u00e5 nettstedet v\u00e5rt, og for \u00e5 hjelpe nettsiden \u00e5 fungere effektivt.<\/p>\n<p><strong><u>Nettstedet bruker Google Analytics:<\/u><\/strong><\/p>\n<p>Nettstedet v\u00e5rt bruker Google Analytics. Det er et verkt\u00f8y som benytter anonymiserte data til \u00e5 fortelle oss hvor mange bes\u00f8kere som bruker nettstedet v\u00e5rt, hva leter de mest etter, hvor lang tid de tilbringer p\u00e5 siden, hvor v\u00e5re brukere kommer fra, hvor ofte de bes\u00f8ker siden v\u00e5r og hvor trafikken inn kommer fra osv.<\/p>\n<p><strong><span style=\"color: #1b75bc;\">Vil du vite mer om personvernforordningen?<\/span> <\/strong><\/p>\n<p>G\u00e5 til den offisielle nettsiden til <a href=\"https:\/\/ec.europa.eu\/info\/law\/law-topic\/data-protection\/reform\/rules-business-and-organisations_en\" target=\"_blank\" rel=\"noopener\">EU-kommisjonen<\/a>.<\/p>\n<p><span style=\"color: #1b75bc;\"><strong>Kontakt oss<\/strong><\/span><\/p>\n<p>Dersom du har sp\u00f8rsm\u00e5l om personvern, send oss en epost til\u00a0booking@dagalifjellpark.no.<\/p>\n\t\t\t\t\t\t<\/div>\n\t\t\t\t<\/div>\n\t\t\t\t\t<\/div>\n\t\t<\/div>\n\t\t\t\t\t<\/div>\n\t\t<\/section>\n\t\t\t\t<\/div>\n\t\t","protected":false},"excerpt":{"rendered":"<p>\u00a0 Personvern Retningslinjer for personvern og informasjonskapsler FULL ON AS (Dagali Fjellpark) ivaretar personvernet til kundene og brukerne av selskapets nettsted. I dette dokumentet kan du lese om hva slags informasjon vi samler inn, og hvordan vi behandler personopplysningene. Hvem er administrator av dine persondata? Administrator av dine persondata er FULL ON AS (Dagali Fjellpark),&hellip;<\/p>\n","protected":false},"author":11,"featured_media":0,"parent":0,"menu_order":0,"comment_status":"closed","ping_status":"closed","template":"elementor_header_footer","meta":{"inline_featured_image":false},"acf":[],"_links":{"self":[{"href":"https:\/\/dagalifjellpark.no\/no\/wp-json\/wp\/v2\/pages\/13560"}],"collection":[{"href":"https:\/\/dagalifjellpark.no\/no\/wp-json\/wp\/v2\/pages"}],"about":[{"href":"https:\/\/dagalifjellpark.no\/no\/wp-json\/wp\/v2\/types\/page"}],"author":[{"embeddable":true,"href":"https:\/\/dagalifjellpark.no\/no\/wp-json\/wp\/v2\/users\/11"}],"replies":[{"embeddable":true,"href":"https:\/\/dagalifjellpark.no\/no\/wp-json\/wp\/v2\/comments?post=13560"}],"version-history":[{"count":0,"href":"https:\/\/dagalifjellpark.no\/no\/wp-json\/wp\/v2\/pages\/13560\/revisions"}],"wp:attachment":[{"href":"https:\/\/dagalifjellpark.no\/no\/wp-json\/wp\/v2\/media?parent=13560"}],"curies":[{"name":"wp","href":"https:\/\/api.w.org\/{rel}","templated":true}]}}